{"id":83,"date":"2017-04-25T19:06:50","date_gmt":"2017-04-25T19:06:50","guid":{"rendered":"https:\/\/gestcoconstruction.com\/?page_id=83"},"modified":"2017-04-25T19:56:40","modified_gmt":"2017-04-25T19:56:40","slug":"partenaire","status":"publish","type":"page","link":"https:\/\/gestcoconstruction.com\/?page_id=83","title":{"rendered":"PARTENAIRE"},"content":{"rendered":"<p><strong>Envie de devenir partenaire?<\/strong><\/p>\n<p>Parce que la synergie en affaires c&rsquo;est toujours gagnant, nous sommes toujours \u00e0 la recherche de bon partenariat!<\/p>\n<p>Vous \u00eates entrepreneur et vous avez une proposition \u00e0 nous faire?<\/p>\n<p>Vous offrez des services connexes aux solutions qui pourraient \u00eatre une valeur ajout\u00e9e \u00e0 proposer \u00e0 notre client\u00e8le?<\/p>\n<p>Parce que l&rsquo;\u00e9volution de la conception et de la construction d&rsquo;un b\u00e2timent demande plusieurs \u00e9tapes, il nous ferait r\u00e9ellement plaisir de vous d\u00e9couvrir.<\/p>\n<p>Notre entreprise est en pleine expansion et cela laisse beaucoup de place pour des alliances strat\u00e9giques vraiment b\u00e9n\u00e9fiques sur le court, moyen et long terme.<\/p>\n<p>Le fait de cr\u00e9er des partenariats permet de gagner en temps et apportent de nombreux avantages.<\/p>\n<p>Nous d\u00e9sirons donc apprendre \u00e0 vous conna\u00eetre alors que vous soyez : architecte, designer d&rsquo;int\u00e9rieur, sp\u00e9cialiste en am\u00e9nagement paysager, peintre, plombier, notaire, ing\u00e9nieur&#8230;.<\/p>\n<p><a href=\"https:\/\/gestcoconstruction.com\/?page_id=50\">Communiquez avec notre \u00e9quipe<\/a> on se fera un plaisir de voir comment nous pouvons mettre nos forces ensemble.<\/p>\n<p>&nbsp;<\/p>\n<p><strong>Envie de joindre notre \u00e9quipe?<\/strong><\/p>\n<p>Vous avez vos cartes en construction ou encore une exp\u00e9rience pertinente dans le domaine de la construction?<\/p>\n<p>Vous avez envie de joindre une \u00e9quipe dynamique et professionnelle?<\/p>\n<p>Vous aimez le travail physique et le surpassement? Une carri\u00e8re en construction vous int\u00e9resse?<\/p>\n<p>Nous sommes toujours \u00e0 la recherche de nouveaux gens pr\u00eats \u00e0 relever les nouveaux d\u00e9fis que nous confie notre pr\u00e9cieuse client\u00e8le.<\/p>\n<p>Parce qu&rsquo;ici \u00e0 Gestco Construction, nous avons une vision unique et que nous croyions que c&rsquo;est ensemble que l&rsquo;on peut offrir le meilleur.<\/p>\n<p>Il est \u00e9vident que le domaine de la construction apporte plusieurs exigences particuli\u00e8res et des contraintes de travail, mais ici, nous offrons des conditions et une ambiance agr\u00e9able pour que vous puissiez atteindre votre plein potentiel.<\/p>\n<p>Il existe au Qu\u00e9bec quelque 25 m\u00e9tiers et une trentaine d&rsquo;occupations. Les premiers sont d\u00e9finis par r\u00e8glement, les secondes le sont \u00e0 l&rsquo;int\u00e9rieur des\u00a0conventions collectives de l&rsquo;industrie de la construction. Ici \u00e0 Gestco Construction nous respectons donc toutes ces normes.<\/p>\n<p>Alors que vous soyez charg\u00e9 de projet, charpentier-menuisier, manoeuvre, peintre, op\u00e9rateur de machinerie lourde, \u00e9lectricien, grutier&#8230;<\/p>\n<p><a href=\"https:\/\/gestcoconstruction.com\/?page_id=50\">Vous pouvez nous contacter<\/a> pour nous offrir vos services ou nous faire part de vos exp\u00e9riences de travail.<\/p>\n<p>&nbsp;<\/p>\n","protected":false},"excerpt":{"rendered":"<p>Envie de devenir partenaire? Parce que la synergie en affaires c&rsquo;est toujours gagnant, nous sommes toujours \u00e0 la recherche de bon partenariat! Vous \u00eates entrepreneur<\/p>\n<div class=\"read-more-wrapper\"><a class=\"link small\" href=\"https:\/\/gestcoconstruction.com\/?page_id=83\" role=\"button\">Lire plus<span class=\"nc-icon-glyph arrows-1_bold-right\"><\/span><\/a><\/div>\n","protected":false},"author":5,"featured_media":0,"parent":0,"menu_order":0,"comment_status":"closed","ping_status":"closed","template":"","meta":{"footnotes":""},"_links":{"self":[{"href":"https:\/\/gestcoconstruction.com\/index.php?rest_route=\/wp\/v2\/pages\/83"}],"collection":[{"href":"https:\/\/gestcoconstruction.com\/index.php?rest_route=\/wp\/v2\/pages"}],"about":[{"href":"https:\/\/gestcoconstruction.com\/index.php?rest_route=\/wp\/v2\/types\/page"}],"author":[{"embeddable":true,"href":"https:\/\/gestcoconstruction.com\/index.php?rest_route=\/wp\/v2\/users\/5"}],"replies":[{"embeddable":true,"href":"https:\/\/gestcoconstruction.com\/index.php?rest_route=%2Fwp%2Fv2%2Fcomments&post=83"}],"version-history":[{"count":3,"href":"https:\/\/gestcoconstruction.com\/index.php?rest_route=\/wp\/v2\/pages\/83\/revisions"}],"predecessor-version":[{"id":86,"href":"https:\/\/gestcoconstruction.com\/index.php?rest_route=\/wp\/v2\/pages\/83\/revisions\/86"}],"wp:attachment":[{"href":"https:\/\/gestcoconstruction.com\/index.php?rest_route=%2Fwp%2Fv2%2Fmedia&parent=83"}],"curies":[{"name":"wp","href":"https:\/\/api.w.org\/{rel}","templated":true}]}}